{"id":56,"date":"2023-03-14T18:26:47","date_gmt":"2023-03-14T17:26:47","guid":{"rendered":"https:\/\/pompesfunebresducap.com\/?page_id=56"},"modified":"2025-12-12T10:37:55","modified_gmt":"2025-12-12T09:37:55","slug":"preparer-ses-obseques","status":"publish","type":"page","link":"https:\/\/pompesfunebresducap.com\/index.php\/preparer-ses-obseques\/","title":{"rendered":"Pr\u00e9parer ses obs\u00e8ques"},"content":{"rendered":"<p>[et_pb_section fb_built=\u00a0\u00bb1&Prime; _builder_version=\u00a0\u00bb4.20.2&Prime; _module_preset=\u00a0\u00bbdefault\u00a0\u00bb custom_margin=\u00a0\u00bb||0px||false|false\u00a0\u00bb custom_padding=\u00a0\u00bb||0px||false|false\u00a0\u00bb box_shadow_style=\u00a0\u00bbpreset6&Prime; box_shadow_vertical=\u00a0\u00bb19px\u00a0\u00bb box_shadow_blur=\u00a0\u00bb29px\u00a0\u00bb box_shadow_color=\u00a0\u00bb#422345&Prime; global_colors_info=\u00a0\u00bb{}\u00a0\u00bb][et_pb_row column_structure=\u00a0\u00bb3_5,2_5&Prime; _builder_version=\u00a0\u00bb4.20.2&Prime; _module_preset=\u00a0\u00bbdefault\u00a0\u00bb global_colors_info=\u00a0\u00bb{}\u00a0\u00bb][et_pb_column type=\u00a0\u00bb3_5&Prime; _builder_version=\u00a0\u00bb4.20.2&Prime; _module_preset=\u00a0\u00bbdefault\u00a0\u00bb global_colors_info=\u00a0\u00bb{}\u00a0\u00bb][et_pb_button button_text=\u00a0\u00bbPr\u00e9parer ses Obs\u00e8ques\u00a0\u00bb button_alignment=\u00a0\u00bbleft\u00a0\u00bb button_alignment_tablet=\u00a0\u00bbleft\u00a0\u00bb button_alignment_phone=\u00a0\u00bbcenter\u00a0\u00bb button_alignment_last_edited=\u00a0\u00bbon|phone\u00a0\u00bb _builder_version=\u00a0\u00bb4.23.1&Prime; _module_preset=\u00a0\u00bbdefault\u00a0\u00bb custom_button=\u00a0\u00bbon\u00a0\u00bb button_text_size=\u00a0\u00bb27px\u00a0\u00bb button_text_color=\u00a0\u00bb#FFFFFF\u00a0\u00bb button_bg_color=\u00a0\u00bb#422345&Prime; button_border_radius=\u00a0\u00bb10px\u00a0\u00bb button_letter_spacing=\u00a0\u00bb1px\u00a0\u00bb button_font=\u00a0\u00bbBirds Paradise||||||||\u00a0\u00bb button_use_icon=\u00a0\u00bboff\u00a0\u00bb custom_padding=\u00a0\u00bb|35px||35px|false|true\u00a0\u00bb locked=\u00a0\u00bboff\u00a0\u00bb global_colors_info=\u00a0\u00bb{}\u00a0\u00bb button_bg_color__hover_enabled=\u00a0\u00bbon|desktop\u00a0\u00bb button_bg_color__hover=\u00a0\u00bb#422345&Prime;][\/et_pb_button][\/et_pb_column][et_pb_column type=\u00a0\u00bb2_5&Prime; _builder_version=\u00a0\u00bb4.20.2&Prime; _module_preset=\u00a0\u00bbdefault\u00a0\u00bb global_colors_info=\u00a0\u00bb{}\u00a0\u00bb][\/et_pb_column][\/et_pb_row][\/et_pb_section][et_pb_section fb_built=\u00a0\u00bb1&Prime; fullwidth=\u00a0\u00bbon\u00a0\u00bb _builder_version=\u00a0\u00bb4.20.2&Prime; _module_preset=\u00a0\u00bbdefault\u00a0\u00bb global_colors_info=\u00a0\u00bb{}\u00a0\u00bb][et_pb_fullwidth_image src=\u00a0\u00bbhttps:\/\/pompesfunebresducap.com\/wp-content\/uploads\/2023\/02\/close-up-of-purple-dahlia-flower-2022-11-02-00-46-19-utc-scaled.jpg\u00a0\u00bb title_text=\u00a0\u00bbClose up of purple dahlia flower\u00a0\u00bb _builder_version=\u00a0\u00bb4.20.2&Prime; _module_preset=\u00a0\u00bbdefault\u00a0\u00bb max_height=\u00a0\u00bb320px\u00a0\u00bb box_shadow_style=\u00a0\u00bbpreset6&Prime; box_shadow_vertical=\u00a0\u00bb-30px\u00a0\u00bb box_shadow_blur=\u00a0\u00bb29px\u00a0\u00bb box_shadow_spread=\u00a0\u00bb10px\u00a0\u00bb box_shadow_color=\u00a0\u00bb#422345&Prime; global_colors_info=\u00a0\u00bb{}\u00a0\u00bb][\/et_pb_fullwidth_image][\/et_pb_section][et_pb_section fb_built=\u00a0\u00bb1&Prime; _builder_version=\u00a0\u00bb4.20.2&Prime; _module_preset=\u00a0\u00bbdefault\u00a0\u00bb background_color=\u00a0\u00bb#422345&Prime; locked=\u00a0\u00bboff\u00a0\u00bb global_colors_info=\u00a0\u00bb{}\u00a0\u00bb][et_pb_row column_structure=\u00a0\u00bb1_2,1_2&Prime; _builder_version=\u00a0\u00bb4.23.1&Prime; _module_preset=\u00a0\u00bbdefault\u00a0\u00bb global_colors_info=\u00a0\u00bb{}\u00a0\u00bb][et_pb_column type=\u00a0\u00bb1_2&Prime; _builder_version=\u00a0\u00bb4.20.2&Prime; _module_preset=\u00a0\u00bbdefault\u00a0\u00bb global_colors_info=\u00a0\u00bb{}\u00a0\u00bb][et_pb_testimonial quote_icon=\u00a0\u00bboff\u00a0\u00bb _builder_version=\u00a0\u00bb4.20.2&Prime; _module_preset=\u00a0\u00bbdefault\u00a0\u00bb body_font=\u00a0\u00bb||on||||||\u00a0\u00bb body_letter_spacing=\u00a0\u00bb1px\u00a0\u00bb text_orientation=\u00a0\u00bbjustified\u00a0\u00bb hover_enabled=\u00a0\u00bb0&Prime; border_radii=\u00a0\u00bbon|10px|10px|10px|10px\u00a0\u00bb global_colors_info=\u00a0\u00bb{}\u00a0\u00bb quote_icon_color__hover_enabled=\u00a0\u00bboff|desktop\u00a0\u00bb sticky_enabled=\u00a0\u00bb0&Prime;]<\/p>\n<p>\u00ab\u00a0<span>La pr\u00e9voyance est un <\/span>contrat \u00e0 souscrire aupr\u00e8s de votre conseiller fun\u00e9raire, assurant votre tranquillit\u00e9 et celle de vos proches.\u00a0\u00bb<\/p>\n<p>[\/et_pb_testimonial][\/et_pb_column][et_pb_column type=\u00a0\u00bb1_2&Prime; _builder_version=\u00a0\u00bb4.23.1&Prime; _module_preset=\u00a0\u00bbdefault\u00a0\u00bb global_colors_info=\u00a0\u00bb{}\u00a0\u00bb][et_pb_button button_url=\u00a0\u00bbhttps:\/\/pompesfunebresducap.com\/#prevoyance\u00a0\u00bb button_text=\u00a0\u00bbObtenir des informations sur nos contrats de pr\u00e9voyance\u00a0\u00bb button_alignment=\u00a0\u00bbcenter\u00a0\u00bb button_alignment_tablet=\u00a0\u00bbcenter\u00a0\u00bb button_alignment_phone=\u00a0\u00bbcenter\u00a0\u00bb button_alignment_last_edited=\u00a0\u00bbon|phone\u00a0\u00bb _builder_version=\u00a0\u00bb4.23.1&Prime; _module_preset=\u00a0\u00bbdefault\u00a0\u00bb custom_button=\u00a0\u00bbon\u00a0\u00bb button_text_color=\u00a0\u00bb#FFFFFF\u00a0\u00bb button_bg_color=\u00a0\u00bb#422345&Prime; button_border_color=\u00a0\u00bb#FFFFFF\u00a0\u00bb button_border_radius=\u00a0\u00bb11px\u00a0\u00bb button_use_icon=\u00a0\u00bboff\u00a0\u00bb custom_margin=\u00a0\u00bb22px|60px||120px|false|false\u00a0\u00bb custom_margin_tablet=\u00a0\u00bb22px|60px||120px|false|false\u00a0\u00bb custom_margin_phone=\u00a0\u00bb22px|0px||0px|false|false\u00a0\u00bb custom_margin_last_edited=\u00a0\u00bbon|phone\u00a0\u00bb custom_padding=\u00a0\u00bb|37px||37px|false|true\u00a0\u00bb custom_padding_tablet=\u00a0\u00bb|37px||37px|false|true\u00a0\u00bb custom_padding_phone=\u00a0\u00bb|30px||30px|false|true\u00a0\u00bb custom_padding_last_edited=\u00a0\u00bbon|phone\u00a0\u00bb global_colors_info=\u00a0\u00bb{}\u00a0\u00bb button_text_color__hover_enabled=\u00a0\u00bbon|hover\u00a0\u00bb button_text_color__hover=\u00a0\u00bb#422345&Prime; button_bg_color__hover_enabled=\u00a0\u00bbon|hover\u00a0\u00bb button_bg_color__hover=\u00a0\u00bb#FFFFFF\u00a0\u00bb button_bg_enable_color__hover=\u00a0\u00bbon\u00a0\u00bb button_border_width__hover_enabled=\u00a0\u00bbon|hover\u00a0\u00bb button_border_width__hover=\u00a0\u00bb2px\u00a0\u00bb button_border_color__hover_enabled=\u00a0\u00bbon|desktop\u00a0\u00bb button_border_color__hover=\u00a0\u00bb#FFFFFF\u00a0\u00bb][\/et_pb_button][\/et_pb_column][\/et_pb_row][\/et_pb_section][et_pb_section fb_built=\u00a0\u00bb1&Prime; specialty=\u00a0\u00bbon\u00a0\u00bb padding_top_2=\u00a0\u00bb75px\u00a0\u00bb padding_top_bottom_link_2=\u00a0\u00bbfalse\u00a0\u00bb padding_left_right_link_2=\u00a0\u00bbfalse\u00a0\u00bb padding_1_tablet=\u00a0\u00bb\u00a0\u00bb padding_2_tablet=\u00a0\u00bb\u00a0\u00bb padding_1_phone=\u00a0\u00bb0px||||false|false\u00a0\u00bb padding_2_phone=\u00a0\u00bb0px||||false|false\u00a0\u00bb padding_1_last_edited=\u00a0\u00bbon|phone\u00a0\u00bb padding_2_last_edited=\u00a0\u00bbon|phone\u00a0\u00bb _builder_version=\u00a0\u00bb4.23.1&Prime; _module_preset=\u00a0\u00bbdefault\u00a0\u00bb box_shadow_style=\u00a0\u00bbpreset6&Prime; box_shadow_vertical=\u00a0\u00bb25px\u00a0\u00bb box_shadow_blur=\u00a0\u00bb20px\u00a0\u00bb box_shadow_color=\u00a0\u00bb#422345&Prime; locked=\u00a0\u00bboff\u00a0\u00bb global_colors_info=\u00a0\u00bb{}\u00a0\u00bb][et_pb_column type=\u00a0\u00bb1_2&Prime; specialty_columns=\u00a0\u00bb2&Prime; _builder_version=\u00a0\u00bb4.16&Prime; custom_padding=\u00a0\u00bb|||\u00a0\u00bb global_colors_info=\u00a0\u00bb{}\u00a0\u00bb custom_padding__hover=\u00a0\u00bb|||\u00a0\u00bb][et_pb_row_inner _builder_version=\u00a0\u00bb4.20.2&Prime; _module_preset=\u00a0\u00bbdefault\u00a0\u00bb global_colors_info=\u00a0\u00bb{}\u00a0\u00bb][et_pb_column_inner saved_specialty_column_type=\u00a0\u00bb1_2&Prime; _builder_version=\u00a0\u00bb4.20.2&Prime; _module_preset=\u00a0\u00bbdefault\u00a0\u00bb global_colors_info=\u00a0\u00bb{}\u00a0\u00bb][et_pb_image src=\u00a0\u00bbhttps:\/\/pompesfunebresducap.com\/wp-content\/uploads\/2023\/03\/cropped-Logo-Rond.png\u00a0\u00bb title_text=\u00a0\u00bbcropped-Logo-Rond.png\u00a0\u00bb align=\u00a0\u00bbcenter\u00a0\u00bb _builder_version=\u00a0\u00bb4.20.2&Prime; _module_preset=\u00a0\u00bbdefault\u00a0\u00bb width=\u00a0\u00bb250px\u00a0\u00bb max_width=\u00a0\u00bb100%\u00a0\u00bb global_colors_info=\u00a0\u00bb{}\u00a0\u00bb][\/et_pb_image][et_pb_text _builder_version=\u00a0\u00bb4.23.1&Prime; _module_preset=\u00a0\u00bbdefault\u00a0\u00bb text_letter_spacing=\u00a0\u00bb1px\u00a0\u00bb text_line_height=\u00a0\u00bb1.9em\u00a0\u00bb text_orientation=\u00a0\u00bbcenter\u00a0\u00bb custom_margin_tablet=\u00a0\u00bb\u00a0\u00bb custom_margin_phone=\u00a0\u00bb||0px||false|false\u00a0\u00bb custom_margin_last_edited=\u00a0\u00bbon|phone\u00a0\u00bb custom_padding=\u00a0\u00bb|90px||90px|false|true\u00a0\u00bb custom_padding_tablet=\u00a0\u00bb|90px||90px|false|true\u00a0\u00bb custom_padding_phone=\u00a0\u00bb|20px||20px|false|true\u00a0\u00bb custom_padding_last_edited=\u00a0\u00bbon|phone\u00a0\u00bb global_colors_info=\u00a0\u00bb{}\u00a0\u00bb]<\/p>\n<p><strong>Nous vous aidons \u00e0 trouver votre solution de pr\u00e9voyance\u00a0<\/strong><\/p>\n<p>[\/et_pb_text][\/et_pb_column_inner][\/et_pb_row_inner][\/et_pb_column][et_pb_column type=\u00a0\u00bb1_2&Prime; _builder_version=\u00a0\u00bb4.16&Prime; custom_padding=\u00a0\u00bb|||\u00a0\u00bb global_colors_info=\u00a0\u00bb{}\u00a0\u00bb custom_padding__hover=\u00a0\u00bb|||\u00a0\u00bb][et_pb_text _builder_version=\u00a0\u00bb4.20.2&Prime; _module_preset=\u00a0\u00bbdefault\u00a0\u00bb text_line_height=\u00a0\u00bb2em\u00a0\u00bb custom_margin=\u00a0\u00bb20px||18px||false|false\u00a0\u00bb global_colors_info=\u00a0\u00bb{}\u00a0\u00bb]<\/p>\n<p>Votre agence vous conseille dans le choix de diff\u00e9rentes solutions de pr\u00e9voyance, comme :<\/p>\n<p>[\/et_pb_text][et_pb_text _builder_version=\u00a0\u00bb4.20.2&Prime; _module_preset=\u00a0\u00bbdefault\u00a0\u00bb text_line_height=\u00a0\u00bb2em\u00a0\u00bb custom_margin=\u00a0\u00bb||18px||false|false\u00a0\u00bb global_colors_info=\u00a0\u00bb{}\u00a0\u00bb]<\/p>\n<ul>\n<li style=\"list-style-type: none;\">\n<ul>\n<li>Des contrats obs\u00e8ques<\/li>\n<li>Des contrats \u00e9pargnes<\/li>\n<li>Des contrats organisations<\/li>\n<\/ul>\n<\/li>\n<\/ul>\n<p>[\/et_pb_text][et_pb_button button_url=\u00a0\u00bb@ET-DC@eyJkeW5hbWljIjp0cnVlLCJjb250ZW50IjoicG9zdF9saW5rX3VybF9wYWdlIiwic2V0dGluZ3MiOnsicG9zdF9pZCI6IjYwIn19@\u00a0\u00bb button_text=\u00a0\u00bbPrendre contact avec nous\u00a0\u00bb button_alignment=\u00a0\u00bbcenter\u00a0\u00bb _builder_version=\u00a0\u00bb4.20.2&Prime; _dynamic_attributes=\u00a0\u00bbbutton_url\u00a0\u00bb _module_preset=\u00a0\u00bbdefault\u00a0\u00bb custom_button=\u00a0\u00bbon\u00a0\u00bb button_text_color=\u00a0\u00bb#FFFFFF\u00a0\u00bb button_bg_color=\u00a0\u00bb#422345&Prime; button_border_color=\u00a0\u00bb#422345&Prime; button_border_radius=\u00a0\u00bb11px\u00a0\u00bb button_use_icon=\u00a0\u00bboff\u00a0\u00bb custom_margin=\u00a0\u00bb25px||||false|false\u00a0\u00bb global_colors_info=\u00a0\u00bb{}\u00a0\u00bb button_text_color__hover_enabled=\u00a0\u00bbon|hover\u00a0\u00bb button_text_color__hover=\u00a0\u00bb#422345&Prime; button_bg_color__hover_enabled=\u00a0\u00bbon|hover\u00a0\u00bb button_bg_color__hover=\u00a0\u00bb#FFFFFF\u00a0\u00bb button_bg_enable_color__hover=\u00a0\u00bbon\u00a0\u00bb button_border_width__hover_enabled=\u00a0\u00bbon|hover\u00a0\u00bb button_border_width__hover=\u00a0\u00bb2px\u00a0\u00bb][\/et_pb_button][\/et_pb_column][\/et_pb_section][et_pb_section fb_built=\u00a0\u00bb1&Prime; _builder_version=\u00a0\u00bb4.20.2&Prime; _module_preset=\u00a0\u00bbdefault\u00a0\u00bb custom_padding=\u00a0\u00bb9px|||||\u00a0\u00bb box_shadow_style=\u00a0\u00bbpreset6&Prime; box_shadow_vertical=\u00a0\u00bb-25px\u00a0\u00bb box_shadow_blur=\u00a0\u00bb20px\u00a0\u00bb box_shadow_color=\u00a0\u00bb#422345&Prime; locked=\u00a0\u00bboff\u00a0\u00bb global_colors_info=\u00a0\u00bb{}\u00a0\u00bb][et_pb_row column_structure=\u00a0\u00bb1_5,3_5,1_5&Prime; _builder_version=\u00a0\u00bb4.20.2&Prime; _module_preset=\u00a0\u00bbdefault\u00a0\u00bb custom_padding=\u00a0\u00bb17px|||||\u00a0\u00bb global_colors_info=\u00a0\u00bb{}\u00a0\u00bb][et_pb_column type=\u00a0\u00bb1_5&Prime; _builder_version=\u00a0\u00bb4.20.2&Prime; _module_preset=\u00a0\u00bbdefault\u00a0\u00bb global_colors_info=\u00a0\u00bb{}\u00a0\u00bb][\/et_pb_column][et_pb_column type=\u00a0\u00bb3_5&Prime; _builder_version=\u00a0\u00bb4.20.2&Prime; _module_preset=\u00a0\u00bbdefault\u00a0\u00bb global_colors_info=\u00a0\u00bb{}\u00a0\u00bb][dsm_button button_one_text=\u00a0\u00bbRevenir \u00e0 l&rsquo;Accueil\u00a0\u00bb button_one_url=\u00a0\u00bb@ET-DC@eyJkeW5hbWljIjp0cnVlLCJjb250ZW50IjoicG9zdF9saW5rX3VybF9wYWdlIiwic2V0dGluZ3MiOnsicG9zdF9pZCI6IjUyIn19@\u00a0\u00bb button_two_url=\u00a0\u00bb@ET-DC@eyJkeW5hbWljIjp0cnVlLCJjb250ZW50IjoicG9zdF9saW5rX3VybF9wYWdlIiwic2V0dGluZ3MiOnsicG9zdF9pZCI6IjE1In19@\u00a0\u00bb button_alignment=\u00a0\u00bbcenter\u00a0\u00bb _builder_version=\u00a0\u00bb4.20.2&Prime; _dynamic_attributes=\u00a0\u00bbbutton_one_url,button_two_url\u00a0\u00bb _module_preset=\u00a0\u00bbdefault\u00a0\u00bb custom_button_one=\u00a0\u00bbon\u00a0\u00bb button_one_text_color=\u00a0\u00bb#FFFFFF\u00a0\u00bb button_one_bg_color=\u00a0\u00bb#422345&Prime; button_one_border_width=\u00a0\u00bb1px\u00a0\u00bb button_one_border_color=\u00a0\u00bb#6300AF\u00a0\u00bb button_one_border_radius=\u00a0\u00bb10px\u00a0\u00bb button_one_letter_spacing=\u00a0\u00bb0px\u00a0\u00bb button_one_font=\u00a0\u00bbTonic Regular||||||||\u00a0\u00bb button_one_use_icon=\u00a0\u00bboff\u00a0\u00bb button_one_custom_margin=\u00a0\u00bb||||false|false\u00a0\u00bb button_one_custom_padding=\u00a0\u00bb||||false|false\u00a0\u00bb custom_button_two=\u00a0\u00bbon\u00a0\u00bb button_two_text_color=\u00a0\u00bb#6300AF\u00a0\u00bb button_two_bg_color=\u00a0\u00bb#d7aeef\u00a0\u00bb button_two_border_width=\u00a0\u00bb1px\u00a0\u00bb button_two_border_radius=\u00a0\u00bb10px\u00a0\u00bb button_two_letter_spacing=\u00a0\u00bb0px\u00a0\u00bb button_two_font=\u00a0\u00bbTonic Regular||||||||\u00a0\u00bb button_two_use_icon=\u00a0\u00bboff\u00a0\u00bb button_two_custom_margin=\u00a0\u00bb|||10px|false|false\u00a0\u00bb custom_margin=\u00a0\u00bb10px|5px||5px|false|true\u00a0\u00bb custom_padding=\u00a0\u00bb|0px||0px|false|true\u00a0\u00bb locked=\u00a0\u00bboff\u00a0\u00bb global_colors_info=\u00a0\u00bb{}\u00a0\u00bb button_two_border_color__hover_enabled=\u00a0\u00bbon|hover\u00a0\u00bb button_two_bg_color__hover_enabled=\u00a0\u00bbon|hover\u00a0\u00bb button_two_bg_color__hover=\u00a0\u00bb#FFFFFF\u00a0\u00bb button_two_bg_enable_color__hover=\u00a0\u00bbon\u00a0\u00bb button_one_bg_color__hover_enabled=\u00a0\u00bbon|hover\u00a0\u00bb button_one_bg_color__hover=\u00a0\u00bb#FFFFFF\u00a0\u00bb button_one_bg_enable_color__hover=\u00a0\u00bbon\u00a0\u00bb button_one_border_width__hover_enabled=\u00a0\u00bbon|hover\u00a0\u00bb button_one_border_width__hover=\u00a0\u00bb1px\u00a0\u00bb button_two_border_color__hover=\u00a0\u00bb#6300AF\u00a0\u00bb button_one_text_color__hover_enabled=\u00a0\u00bbon|hover\u00a0\u00bb button_one_text_color__hover=\u00a0\u00bb#422345&Prime; button_one_border_color__hover_enabled=\u00a0\u00bbon|hover\u00a0\u00bb button_one_border_color__hover=\u00a0\u00bb#422345&Prime;][\/dsm_button][\/et_pb_column][et_pb_column type=\u00a0\u00bb1_5&Prime; _builder_version=\u00a0\u00bb4.20.2&Prime; _module_preset=\u00a0\u00bbdefault\u00a0\u00bb global_colors_info=\u00a0\u00bb{}\u00a0\u00bb][\/et_pb_column][\/et_pb_row][\/et_pb_section]<\/p>\n","protected":false},"excerpt":{"rendered":"<p>\u00ab\u00a0La pr\u00e9voyance est un contrat \u00e0 souscrire aupr\u00e8s de votre conseiller fun\u00e9raire, assurant votre tranquillit\u00e9 et celle de vos proches.\u00a0\u00bbNous vous aidons \u00e0 trouver votre solution de pr\u00e9voyance\u00a0Votre agence vous conseille dans le choix de diff\u00e9rentes solutions de pr\u00e9voyance, comme : Des contrats obs\u00e8ques Des contrats \u00e9pargnes Des contrats organisations <div class=\"et_pb_module dsm_button dsm_button_0 et_pb_bg_layout_light\">\n\t\t\t\t\n\t\t\t\t\n\t\t\t\t\n\t\t\t\t\n\t\t\t\t\n\t\t\t\t\n\t\t\t\t<div class=\"et_pb_module_inner\">\n\t\t\t\t\t<div class=\"et_pb_button_module_wrappers dsm_button_0_wrapper et_pb_button_alignment_center et_pb_module\">\n\t\t\t\t<a class=\"et_pb_button et_pb_button_one et_pb_bg_layout_light dsm-none \"  data-dsm-lightbox-id=\"dsm_button_one_lightbox dsm_button_0\"><span>Revenir \u00e0 l'Accueil<\/span><\/a>\n\t\t\t<\/div>\n\t\t\t\t<\/div>\n\t\t\t<\/div><\/p>\n","protected":false},"author":1,"featured_media":0,"parent":0,"menu_order":0,"comment_status":"closed","ping_status":"closed","template":"","meta":{"_et_pb_use_builder":"on","_et_pb_old_content":"<!-- wp:divi\/placeholder \/-->","_et_gb_content_width":"","footnotes":""},"class_list":["post-56","page","type-page","status-publish","hentry"],"yoast_head":"<!-- This site is optimized with the Yoast SEO plugin v26.8 - https:\/\/yoast.com\/product\/yoast-seo-wordpress\/ -->\n<title>Pr\u00e9parer ses obs\u00e8ques - Pompes Funebres du Cap<\/title>\n<meta name=\"robots\" content=\"index, follow, max-snippet:-1, max-image-preview:large, max-video-preview:-1\" \/>\n<link rel=\"canonical\" href=\"https:\/\/pompesfunebresducap.com\/index.php\/preparer-ses-obseques\/\" \/>\n<meta property=\"og:locale\" content=\"fr_FR\" \/>\n<meta property=\"og:type\" content=\"article\" \/>\n<meta property=\"og:title\" content=\"Pr\u00e9parer ses obs\u00e8ques - Pompes Funebres du Cap\" \/>\n<meta property=\"og:description\" content=\"&quot;La pr\u00e9voyance est un contrat \u00e0 souscrire aupr\u00e8s de votre conseiller fun\u00e9raire, assurant votre tranquillit\u00e9 et celle de vos proches.&quot;Nous vous aidons \u00e0 trouver votre solution de pr\u00e9voyance\u00a0Votre agence vous conseille dans le choix de diff\u00e9rentes solutions de pr\u00e9voyance, comme : Des contrats obs\u00e8ques Des contrats \u00e9pargnes Des contrats organisations\" \/>\n<meta property=\"og:url\" content=\"https:\/\/pompesfunebresducap.com\/index.php\/preparer-ses-obseques\/\" \/>\n<meta property=\"og:site_name\" content=\"Pompes Funebres du Cap\" \/>\n<meta property=\"article:publisher\" content=\"https:\/\/www.facebook.com\/people\/Sarl-Pompes-Funbres-Du-Cap\/100081891214001\/\" \/>\n<meta property=\"article:modified_time\" content=\"2025-12-12T09:37:55+00:00\" \/>\n<meta name=\"twitter:card\" content=\"summary_large_image\" \/>\n<meta name=\"twitter:label1\" content=\"Dur\u00e9e de lecture estim\u00e9e\" \/>\n\t<meta name=\"twitter:data1\" content=\"7 minutes\" \/>\n<script type=\"application\/ld+json\" class=\"yoast-schema-graph\">{\"@context\":\"https:\/\/schema.org\",\"@graph\":[{\"@type\":\"WebPage\",\"@id\":\"https:\/\/pompesfunebresducap.com\/index.php\/preparer-ses-obseques\/\",\"url\":\"https:\/\/pompesfunebresducap.com\/index.php\/preparer-ses-obseques\/\",\"name\":\"Pr\u00e9parer ses obs\u00e8ques - Pompes Funebres du Cap\",\"isPartOf\":{\"@id\":\"https:\/\/pompesfunebresducap.com\/#website\"},\"datePublished\":\"2023-03-14T17:26:47+00:00\",\"dateModified\":\"2025-12-12T09:37:55+00:00\",\"breadcrumb\":{\"@id\":\"https:\/\/pompesfunebresducap.com\/index.php\/preparer-ses-obseques\/#breadcrumb\"},\"inLanguage\":\"fr-FR\",\"potentialAction\":[{\"@type\":\"ReadAction\",\"target\":[\"https:\/\/pompesfunebresducap.com\/index.php\/preparer-ses-obseques\/\"]}]},{\"@type\":\"BreadcrumbList\",\"@id\":\"https:\/\/pompesfunebresducap.com\/index.php\/preparer-ses-obseques\/#breadcrumb\",\"itemListElement\":[{\"@type\":\"ListItem\",\"position\":1,\"name\":\"Accueil\",\"item\":\"https:\/\/pompesfunebresducap.com\/\"},{\"@type\":\"ListItem\",\"position\":2,\"name\":\"Pr\u00e9parer ses obs\u00e8ques\"}]},{\"@type\":\"WebSite\",\"@id\":\"https:\/\/pompesfunebresducap.com\/#website\",\"url\":\"https:\/\/pompesfunebresducap.com\/\",\"name\":\"Pompes Funebres du Cap\",\"description\":\"Votre agence de Fr\u00e9hel\",\"publisher\":{\"@id\":\"https:\/\/pompesfunebresducap.com\/#organization\"},\"potentialAction\":[{\"@type\":\"SearchAction\",\"target\":{\"@type\":\"EntryPoint\",\"urlTemplate\":\"https:\/\/pompesfunebresducap.com\/?s={search_term_string}\"},\"query-input\":{\"@type\":\"PropertyValueSpecification\",\"valueRequired\":true,\"valueName\":\"search_term_string\"}}],\"inLanguage\":\"fr-FR\"},{\"@type\":\"Organization\",\"@id\":\"https:\/\/pompesfunebresducap.com\/#organization\",\"name\":\"Pompes Funebres du Cap\",\"url\":\"https:\/\/pompesfunebresducap.com\/\",\"logo\":{\"@type\":\"ImageObject\",\"inLanguage\":\"fr-FR\",\"@id\":\"https:\/\/pompesfunebresducap.com\/#\/schema\/logo\/image\/\",\"url\":\"https:\/\/pompesfunebresducap.com\/wp-content\/uploads\/2023\/03\/cropped-Logo-Rond.png\",\"contentUrl\":\"https:\/\/pompesfunebresducap.com\/wp-content\/uploads\/2023\/03\/cropped-Logo-Rond.png\",\"width\":512,\"height\":512,\"caption\":\"Pompes Funebres du Cap\"},\"image\":{\"@id\":\"https:\/\/pompesfunebresducap.com\/#\/schema\/logo\/image\/\"},\"sameAs\":[\"https:\/\/www.facebook.com\/people\/Sarl-Pompes-Funbres-Du-Cap\/100081891214001\/\"]}]}<\/script>\n<!-- \/ Yoast SEO plugin. -->","yoast_head_json":{"title":"Pr\u00e9parer ses obs\u00e8ques - Pompes Funebres du Cap","robots":{"index":"index","follow":"follow","max-snippet":"max-snippet:-1","max-image-preview":"max-image-preview:large","max-video-preview":"max-video-preview:-1"},"canonical":"https:\/\/pompesfunebresducap.com\/index.php\/preparer-ses-obseques\/","og_locale":"fr_FR","og_type":"article","og_title":"Pr\u00e9parer ses obs\u00e8ques - Pompes Funebres du Cap","og_description":"\"La pr\u00e9voyance est un contrat \u00e0 souscrire aupr\u00e8s de votre conseiller fun\u00e9raire, assurant votre tranquillit\u00e9 et celle de vos proches.\"Nous vous aidons \u00e0 trouver votre solution de pr\u00e9voyance\u00a0Votre agence vous conseille dans le choix de diff\u00e9rentes solutions de pr\u00e9voyance, comme : Des contrats obs\u00e8ques Des contrats \u00e9pargnes Des contrats organisations","og_url":"https:\/\/pompesfunebresducap.com\/index.php\/preparer-ses-obseques\/","og_site_name":"Pompes Funebres du Cap","article_publisher":"https:\/\/www.facebook.com\/people\/Sarl-Pompes-Funbres-Du-Cap\/100081891214001\/","article_modified_time":"2025-12-12T09:37:55+00:00","twitter_card":"summary_large_image","twitter_misc":{"Dur\u00e9e de lecture estim\u00e9e":"7 minutes"},"schema":{"@context":"https:\/\/schema.org","@graph":[{"@type":"WebPage","@id":"https:\/\/pompesfunebresducap.com\/index.php\/preparer-ses-obseques\/","url":"https:\/\/pompesfunebresducap.com\/index.php\/preparer-ses-obseques\/","name":"Pr\u00e9parer ses obs\u00e8ques - Pompes Funebres du Cap","isPartOf":{"@id":"https:\/\/pompesfunebresducap.com\/#website"},"datePublished":"2023-03-14T17:26:47+00:00","dateModified":"2025-12-12T09:37:55+00:00","breadcrumb":{"@id":"https:\/\/pompesfunebresducap.com\/index.php\/preparer-ses-obseques\/#breadcrumb"},"inLanguage":"fr-FR","potentialAction":[{"@type":"ReadAction","target":["https:\/\/pompesfunebresducap.com\/index.php\/preparer-ses-obseques\/"]}]},{"@type":"BreadcrumbList","@id":"https:\/\/pompesfunebresducap.com\/index.php\/preparer-ses-obseques\/#breadcrumb","itemListElement":[{"@type":"ListItem","position":1,"name":"Accueil","item":"https:\/\/pompesfunebresducap.com\/"},{"@type":"ListItem","position":2,"name":"Pr\u00e9parer ses obs\u00e8ques"}]},{"@type":"WebSite","@id":"https:\/\/pompesfunebresducap.com\/#website","url":"https:\/\/pompesfunebresducap.com\/","name":"Pompes Funebres du Cap","description":"Votre agence de Fr\u00e9hel","publisher":{"@id":"https:\/\/pompesfunebresducap.com\/#organization"},"potentialAction":[{"@type":"SearchAction","target":{"@type":"EntryPoint","urlTemplate":"https:\/\/pompesfunebresducap.com\/?s={search_term_string}"},"query-input":{"@type":"PropertyValueSpecification","valueRequired":true,"valueName":"search_term_string"}}],"inLanguage":"fr-FR"},{"@type":"Organization","@id":"https:\/\/pompesfunebresducap.com\/#organization","name":"Pompes Funebres du Cap","url":"https:\/\/pompesfunebresducap.com\/","logo":{"@type":"ImageObject","inLanguage":"fr-FR","@id":"https:\/\/pompesfunebresducap.com\/#\/schema\/logo\/image\/","url":"https:\/\/pompesfunebresducap.com\/wp-content\/uploads\/2023\/03\/cropped-Logo-Rond.png","contentUrl":"https:\/\/pompesfunebresducap.com\/wp-content\/uploads\/2023\/03\/cropped-Logo-Rond.png","width":512,"height":512,"caption":"Pompes Funebres du Cap"},"image":{"@id":"https:\/\/pompesfunebresducap.com\/#\/schema\/logo\/image\/"},"sameAs":["https:\/\/www.facebook.com\/people\/Sarl-Pompes-Funbres-Du-Cap\/100081891214001\/"]}]}},"_links":{"self":[{"href":"https:\/\/pompesfunebresducap.com\/index.php\/wp-json\/wp\/v2\/pages\/56","targetHints":{"allow":["GET"]}}],"collection":[{"href":"https:\/\/pompesfunebresducap.com\/index.php\/wp-json\/wp\/v2\/pages"}],"about":[{"href":"https:\/\/pompesfunebresducap.com\/index.php\/wp-json\/wp\/v2\/types\/page"}],"author":[{"embeddable":true,"href":"https:\/\/pompesfunebresducap.com\/index.php\/wp-json\/wp\/v2\/users\/1"}],"replies":[{"embeddable":true,"href":"https:\/\/pompesfunebresducap.com\/index.php\/wp-json\/wp\/v2\/comments?post=56"}],"version-history":[{"count":14,"href":"https:\/\/pompesfunebresducap.com\/index.php\/wp-json\/wp\/v2\/pages\/56\/revisions"}],"predecessor-version":[{"id":795,"href":"https:\/\/pompesfunebresducap.com\/index.php\/wp-json\/wp\/v2\/pages\/56\/revisions\/795"}],"wp:attachment":[{"href":"https:\/\/pompesfunebresducap.com\/index.php\/wp-json\/wp\/v2\/media?parent=56"}],"curies":[{"name":"wp","href":"https:\/\/api.w.org\/{rel}","templated":true}]}}